{"id":661,"date":"2018-10-09T09:17:55","date_gmt":"2018-10-09T09:17:55","guid":{"rendered":"https:\/\/normal.moondesarrollos.com\/normalsuperior\/projects\/"},"modified":"2024-09-06T18:06:38","modified_gmt":"2024-09-06T18:06:38","slug":"institucional","status":"publish","type":"page","link":"https:\/\/normal.moondesarrollos.com\/normalsuperior\/institucional\/","title":{"rendered":"Institucional"},"content":{"rendered":"\t\t<div data-elementor-type=\"wp-post\" data-elementor-id=\"661\" class=\"elementor elementor-661\">\n\t\t\t\t\t\t<section class=\"elementor-section elementor-top-section elementor-element elementor-element-408d895d elementor-section-boxed elementor-section-height-default elementor-section-height-default\" data-id=\"408d895d\" data-element_type=\"section\" data-settings=\"{&quot;background_background&quot;:&quot;classic&quot;}\">\n\t\t\t\t\t\t<div class=\"elementor-container elementor-column-gap-no\">\n\t\t\t\t\t<div class=\"elementor-column elementor-col-100 elementor-top-column elementor-element elementor-element-4fed6c40\" data-id=\"4fed6c40\" data-element_type=\"column\">\n\t\t\t<div class=\"elementor-widget-wrap elementor-element-populated\">\n\t\t\t\t\t\t<div class=\"elementor-element elementor-element-4eb66915 elementor-widget elementor-widget-heading\" data-id=\"4eb66915\" data-element_type=\"widget\" data-widget_type=\"heading.default\">\n\t\t\t\t<div class=\"elementor-widget-container\">\n\t\t\t\t\t<h5 class=\"elementor-heading-title elementor-size-default\">Nosotros<\/h5>\t\t\t\t<\/div>\n\t\t\t\t<\/div>\n\t\t\t\t<div class=\"elementor-element elementor-element-47ebe55 elementor-widget elementor-widget-heading\" data-id=\"47ebe55\" data-element_type=\"widget\" data-widget_type=\"heading.default\">\n\t\t\t\t<div class=\"elementor-widget-container\">\n\t\t\t\t\t<h1 class=\"elementor-heading-title elementor-size-default\">Institucional<\/h1>\t\t\t\t<\/div>\n\t\t\t\t<\/div>\n\t\t\t\t\t<\/div>\n\t\t<\/div>\n\t\t\t\t\t<\/div>\n\t\t<\/section>\n\t\t\t\t<section class=\"elementor-section elementor-top-section elementor-element elementor-element-4e377101 elementor-section-boxed elementor-section-height-default elementor-section-height-default\" data-id=\"4e377101\" data-element_type=\"section\" data-settings=\"{&quot;background_background&quot;:&quot;classic&quot;}\">\n\t\t\t\t\t\t<div class=\"elementor-container elementor-column-gap-no\">\n\t\t\t\t\t<div class=\"elementor-column elementor-col-33 elementor-top-column elementor-element elementor-element-16a2b93d\" data-id=\"16a2b93d\" data-element_type=\"column\">\n\t\t\t<div class=\"elementor-widget-wrap elementor-element-populated\">\n\t\t\t\t\t\t<div class=\"elementor-element elementor-element-17c34d7f elementor-widget elementor-widget-heading\" data-id=\"17c34d7f\" data-element_type=\"widget\" data-widget_type=\"heading.default\">\n\t\t\t\t<div class=\"elementor-widget-container\">\n\t\t\t\t\t<h2 class=\"elementor-heading-title elementor-size-default\">Nuestra Instituci\u00f3n<\/h2>\t\t\t\t<\/div>\n\t\t\t\t<\/div>\n\t\t\t\t<div class=\"elementor-element elementor-element-72797102 elementor-widget-divider--view-line elementor-widget elementor-widget-divider\" data-id=\"72797102\" data-element_type=\"widget\" data-widget_type=\"divider.default\">\n\t\t\t\t<div class=\"elementor-widget-container\">\n\t\t\t\t\t\t\t<div class=\"elementor-divider\">\n\t\t\t<span class=\"elementor-divider-separator\">\n\t\t\t\t\t\t<\/span>\n\t\t<\/div>\n\t\t\t\t\t\t<\/div>\n\t\t\t\t<\/div>\n\t\t\t\t\t<\/div>\n\t\t<\/div>\n\t\t\t\t<div class=\"elementor-column elementor-col-66 elementor-top-column elementor-element elementor-element-75007e6\" data-id=\"75007e6\" data-element_type=\"column\">\n\t\t\t<div class=\"elementor-widget-wrap elementor-element-populated\">\n\t\t\t\t\t\t<div class=\"elementor-element elementor-element-b8cc5b7 elementor-widget elementor-widget-text-editor\" data-id=\"b8cc5b7\" data-element_type=\"widget\" data-widget_type=\"text-editor.default\">\n\t\t\t\t<div class=\"elementor-widget-container\">\n\t\t\t\t\t\t\t\t\t<p>La instituci\u00f3n educativa Instituto Superior de Formaci\u00f3n Docente y T\u00e9cnica N\u00b0 9-003, tambi\u00e9n conocida como Normal Superior \u201cMercedes Tomasa de San Mart\u00edn de Balcarce\u201d, se encuentra ubicada en el domicilio Barcala 14, Departamento de San Rafael, provincia de Mendoza, en Argentina. El horario de atenci\u00f3n es de lunes a viernes de 18:30 a 23:30 horas, y los s\u00e1bados de 09:00 a 13:00 horas para los post\u00edtulos.<\/p><p>Para contactar con la instituci\u00f3n, se puede utilizar el n\u00famero de tel\u00e9fono 054 \u2013 0260 \u2013 4423504 o enviar un correo electr\u00f3nico a normal-t@mendoza.edu.ar. Adem\u00e1s, se puede acceder a informaci\u00f3n adicional y recursos a trav\u00e9s de su sitio web en la URL: https:\/\/ens9003-infd.mendoza.edu.ar.<\/p><p>\u00a0<\/p>\t\t\t\t\t\t\t\t<\/div>\n\t\t\t\t<\/div>\n\t\t\t\t\t<\/div>\n\t\t<\/div>\n\t\t\t\t\t<\/div>\n\t\t<\/section>\n\t\t\t\t<\/div>\n\t\t","protected":false},"excerpt":{"rendered":"<p>Nosotros Institucional Nuestra Instituci\u00f3n La instituci\u00f3n educativa Instituto Superior de Formaci\u00f3n Docente y T\u00e9cnica N\u00b0 9-003, tambi\u00e9n conocida como Normal Superior \u201cMercedes Tomasa de San Mart\u00edn de Balcarce\u201d, se encuentra ubicada en el domicilio Barcala 14, Departamento de San Rafael, provincia de Mendoza, en Argentina. El horario de atenci\u00f3n es de lunes a viernes de [&hellip;]<\/p>\n","protected":false},"author":1,"featured_media":0,"parent":0,"menu_order":0,"comment_status":"closed","ping_status":"closed","template":"","meta":{"site-sidebar-layout":"no-sidebar","site-content-layout":"page-builder","ast-site-content-layout":"default","site-content-style":"default","site-sidebar-style":"default","ast-global-header-display":"","ast-banner-title-visibility":"","ast-main-header-display":"","ast-hfb-above-header-display":"","ast-hfb-below-header-display":"","ast-hfb-mobile-header-display":"","site-post-title":"disabled","ast-breadcrumbs-content":"","ast-featured-img":"disabled","footer-sml-layout":"","theme-transparent-header-meta":"enabled","adv-header-id-meta":"","stick-header-meta":"","header-above-stick-meta":"","header-main-stick-meta":"","header-below-stick-meta":"","astra-migrate-meta-layouts":"default","ast-page-background-enabled":"default","ast-page-background-meta":{"desktop":{"background-color":"","background-image":"","background-repeat":"repeat","background-position":"center center","background-size":"auto","background-attachment":"scroll","background-type":"","background-media":"","overlay-type":"","overlay-color":"","overlay-opacity":"","overlay-gradient":""},"tablet":{"background-color":"","background-image":"","background-repeat":"repeat","background-position":"center center","background-size":"auto","background-attachment":"scroll","background-type":"","background-media":"","overlay-type":"","overlay-color":"","overlay-opacity":"","overlay-gradient":""},"mobile":{"background-color":"","background-image":"","background-repeat":"repeat","background-position":"center center","background-size":"auto","background-attachment":"scroll","background-type":"","background-media":"","overlay-type":"","overlay-color":"","overlay-opacity":"","overlay-gradient":""}},"ast-content-background-meta":{"desktop":{"background-color":"var(--ast-global-color-5)","background-image":"","background-repeat":"repeat","background-position":"center center","background-size":"auto","background-attachment":"scroll","background-type":"","background-media":"","overlay-type":"","overlay-color":"","overlay-opacity":"","overlay-gradient":""},"tablet":{"background-color":"var(--ast-global-color-5)","background-image":"","background-repeat":"repeat","background-position":"center center","background-size":"auto","background-attachment":"scroll","background-type":"","background-media":"","overlay-type":"","overlay-color":"","overlay-opacity":"","overlay-gradient":""},"mobile":{"background-color":"var(--ast-global-color-5)","background-image":"","background-repeat":"repeat","background-position":"center center","background-size":"auto","background-attachment":"scroll","background-type":"","background-media":"","overlay-type":"","overlay-color":"","overlay-opacity":"","overlay-gradient":""}},"footnotes":""},"class_list":["post-661","page","type-page","status-publish","hentry"],"_links":{"self":[{"href":"https:\/\/normal.moondesarrollos.com\/normalsuperior\/wp-json\/wp\/v2\/pages\/661","targetHints":{"allow":["GET"]}}],"collection":[{"href":"https:\/\/normal.moondesarrollos.com\/normalsuperior\/wp-json\/wp\/v2\/pages"}],"about":[{"href":"https:\/\/normal.moondesarrollos.com\/normalsuperior\/wp-json\/wp\/v2\/types\/page"}],"author":[{"embeddable":true,"href":"https:\/\/normal.moondesarrollos.com\/normalsuperior\/wp-json\/wp\/v2\/users\/1"}],"replies":[{"embeddable":true,"href":"https:\/\/normal.moondesarrollos.com\/normalsuperior\/wp-json\/wp\/v2\/comments?post=661"}],"version-history":[{"count":39,"href":"https:\/\/normal.moondesarrollos.com\/normalsuperior\/wp-json\/wp\/v2\/pages\/661\/revisions"}],"predecessor-version":[{"id":3247,"href":"https:\/\/normal.moondesarrollos.com\/normalsuperior\/wp-json\/wp\/v2\/pages\/661\/revisions\/3247"}],"wp:attachment":[{"href":"https:\/\/normal.moondesarrollos.com\/normalsuperior\/wp-json\/wp\/v2\/media?parent=661"}],"curies":[{"name":"wp","href":"https:\/\/api.w.org\/{rel}","templated":true}]}}