{"id":1735,"date":"2023-08-10T22:42:28","date_gmt":"2023-08-10T22:42:28","guid":{"rendered":"https:\/\/normal.moondesarrollos.com\/normalsuperior\/?page_id=1735"},"modified":"2023-08-10T22:52:20","modified_gmt":"2023-08-10T22:52:20","slug":"estructura-instituto","status":"publish","type":"page","link":"https:\/\/normal.moondesarrollos.com\/normalsuperior\/estructura-instituto\/","title":{"rendered":"Estructura Instituto"},"content":{"rendered":"\t\t<div data-elementor-type=\"wp-post\" data-elementor-id=\"1735\" class=\"elementor elementor-1735\">\n\t\t\t\t\t\t<section class=\"elementor-section elementor-top-section elementor-element elementor-element-408d895d elementor-section-boxed elementor-section-height-default elementor-section-height-default\" data-id=\"408d895d\" data-element_type=\"section\" data-settings=\"{&quot;background_background&quot;:&quot;classic&quot;}\">\n\t\t\t\t\t\t<div class=\"elementor-container elementor-column-gap-no\">\n\t\t\t\t\t<div class=\"elementor-column elementor-col-100 elementor-top-column elementor-element elementor-element-4fed6c40\" data-id=\"4fed6c40\" data-element_type=\"column\">\n\t\t\t<div class=\"elementor-widget-wrap elementor-element-populated\">\n\t\t\t\t\t\t<div class=\"elementor-element elementor-element-4eb66915 elementor-widget elementor-widget-heading\" data-id=\"4eb66915\" data-element_type=\"widget\" data-widget_type=\"heading.default\">\n\t\t\t\t<div class=\"elementor-widget-container\">\n\t\t\t\t\t<h5 class=\"elementor-heading-title elementor-size-default\">Nosotros<\/h5>\t\t\t\t<\/div>\n\t\t\t\t<\/div>\n\t\t\t\t<div class=\"elementor-element elementor-element-47ebe55 elementor-widget elementor-widget-heading\" data-id=\"47ebe55\" data-element_type=\"widget\" data-widget_type=\"heading.default\">\n\t\t\t\t<div class=\"elementor-widget-container\">\n\t\t\t\t\t<h1 class=\"elementor-heading-title elementor-size-default\">Estructura Instituto<\/h1>\t\t\t\t<\/div>\n\t\t\t\t<\/div>\n\t\t\t\t\t<\/div>\n\t\t<\/div>\n\t\t\t\t\t<\/div>\n\t\t<\/section>\n\t\t\t\t<section class=\"elementor-section elementor-top-section elementor-element elementor-element-4e377101 elementor-section-boxed elementor-section-height-default elementor-section-height-default\" data-id=\"4e377101\" data-element_type=\"section\" data-settings=\"{&quot;background_background&quot;:&quot;classic&quot;}\">\n\t\t\t\t\t\t<div class=\"elementor-container elementor-column-gap-no\">\n\t\t\t\t\t<div class=\"elementor-column elementor-col-33 elementor-top-column elementor-element elementor-element-16a2b93d\" data-id=\"16a2b93d\" data-element_type=\"column\">\n\t\t\t<div class=\"elementor-widget-wrap elementor-element-populated\">\n\t\t\t\t\t\t<div class=\"elementor-element elementor-element-7238a54c elementor-widget elementor-widget-heading\" data-id=\"7238a54c\" data-element_type=\"widget\" data-widget_type=\"heading.default\">\n\t\t\t\t<div class=\"elementor-widget-container\">\n\t\t\t\t\t<h5 class=\"elementor-heading-title elementor-size-default\">Institucional<\/h5>\t\t\t\t<\/div>\n\t\t\t\t<\/div>\n\t\t\t\t<div class=\"elementor-element elementor-element-17c34d7f elementor-widget elementor-widget-heading\" data-id=\"17c34d7f\" data-element_type=\"widget\" data-widget_type=\"heading.default\">\n\t\t\t\t<div class=\"elementor-widget-container\">\n\t\t\t\t\t<h2 class=\"elementor-heading-title elementor-size-default\">Informaci\u00f3n de nuestro Instutito<\/h2>\t\t\t\t<\/div>\n\t\t\t\t<\/div>\n\t\t\t\t<div class=\"elementor-element elementor-element-72797102 elementor-widget-divider--view-line elementor-widget elementor-widget-divider\" data-id=\"72797102\" data-element_type=\"widget\" data-widget_type=\"divider.default\">\n\t\t\t\t<div class=\"elementor-widget-container\">\n\t\t\t\t\t\t\t<div class=\"elementor-divider\">\n\t\t\t<span class=\"elementor-divider-separator\">\n\t\t\t\t\t\t<\/span>\n\t\t<\/div>\n\t\t\t\t\t\t<\/div>\n\t\t\t\t<\/div>\n\t\t\t\t\t<\/div>\n\t\t<\/div>\n\t\t\t\t<div class=\"elementor-column elementor-col-66 elementor-top-column elementor-element elementor-element-75007e6\" data-id=\"75007e6\" data-element_type=\"column\">\n\t\t\t<div class=\"elementor-widget-wrap elementor-element-populated\">\n\t\t\t\t\t\t<div class=\"elementor-element elementor-element-e402ee8 elementor-widget elementor-widget-text-editor\" data-id=\"e402ee8\" data-element_type=\"widget\" data-widget_type=\"text-editor.default\">\n\t\t\t\t<div class=\"elementor-widget-container\">\n\t\t\t\t\t\t\t\t\t<p style=\"text-align: left;\"><strong><span style=\"font-size: 13.5pt;\"><span style=\"font-family: Arial, Helvetica, sans-serif;\"><span style=\"color: #000080;\">Estructura del Instituto de Formaci\u00f3n Docente N\u00ba T-003<\/span><\/span><\/span><\/strong><\/p>\n<p style=\"text-align: left;\"><span style=\"color: #0000ff;\">\u00c1mbito:&nbsp;<\/span><em style=\"font-family: Arial, Helvetica, sans-serif; text-indent: -18pt;\">Urbano<\/em><\/p>\n<p style=\"text-align: left;\"><span style=\"color: #0000ff;\">Tipo de Edificio:&nbsp;<\/span><em style=\"font-family: Arial, Helvetica, sans-serif; text-indent: -18pt;\">Propio<\/em><\/p>\n<p style=\"text-align: left;\"><span style=\"color: #0000ff;\">Turnos en que se desarrollan las actividades:&nbsp;<\/span><em style=\"font-family: Arial, Helvetica, sans-serif; text-indent: -18pt;\">Vespertino \u2013 Nocturno<\/em><\/p>\n<p style=\"text-align: left;\"><span style=\"color: #0000ff;\">Modalidad y Especializaci\u00f3n:&nbsp;<\/span><em style=\"font-family: Arial, Helvetica, sans-serif; text-indent: -18pt;\">Instituto de Formaci\u00f3n Docente y T\u00e9cnica<\/em><\/p>\n<p style=\"text-align: left;\"><span style=\"color: #0000ff;\">Comparte el edificio con: <\/span><em><span style=\"font-family: Arial, Helvetica, sans-serif; text-indent: -18pt;\">Escuela Normal Nivel Inicial, Primaria y Secundaria.<\/span><\/em><\/p>\n<p style=\"text-align: left;\"><span style=\"color: #000080;\"><strong style=\"font-family: Arial, Helvetica, sans-serif; text-indent: -18pt;\">Plano distribuci\u00f3n de espacios&nbsp;<\/strong><\/span><\/p>\n<p><a href=\"https:\/\/ens9003-infd.mendoza.edu.ar\/sitio\/wp-content\/uploads\/2021\/03\/Planta_Baja_2021.pdf\">Planta_Baja_2021<\/a> &nbsp;\u2013&nbsp; <a href=\"https:\/\/ens9003-infd.mendoza.edu.ar\/sitio\/wp-content\/uploads\/2021\/03\/Planta_Alta_2021.pdf\">Planta_Alta_2021<\/a><\/p><p><\/p>\t\t\t\t\t\t\t\t<\/div>\n\t\t\t\t<\/div>\n\t\t\t\t\t<\/div>\n\t\t<\/div>\n\t\t\t\t\t<\/div>\n\t\t<\/section>\n\t\t\t\t<\/div>\n\t\t","protected":false},"excerpt":{"rendered":"<p>Nosotros Estructura Instituto Institucional Informaci\u00f3n de nuestro Instutito Estructura del Instituto de Formaci\u00f3n Docente N\u00ba T-003 \u00c1mbito:&nbsp;Urbano Tipo de Edificio:&nbsp;Propio Turnos en que se desarrollan las actividades:&nbsp;Vespertino \u2013 Nocturno Modalidad y Especializaci\u00f3n:&nbsp;Instituto de Formaci\u00f3n Docente y T\u00e9cnica Comparte el edificio con: Escuela Normal Nivel Inicial, Primaria y Secundaria. Plano distribuci\u00f3n de espacios&nbsp; Planta_Baja_2021 &nbsp;\u2013&nbsp; Planta_Alta_2021<\/p>\n","protected":false},"author":1,"featured_media":0,"parent":0,"menu_order":0,"comment_status":"closed","ping_status":"closed","template":"","meta":{"site-sidebar-layout":"no-sidebar","site-content-layout":"page-builder","ast-site-content-layout":"default","site-content-style":"default","site-sidebar-style":"default","ast-global-header-display":"","ast-banner-title-visibility":"","ast-main-header-display":"","ast-hfb-above-header-display":"","ast-hfb-below-header-display":"","ast-hfb-mobile-header-display":"","site-post-title":"disabled","ast-breadcrumbs-content":"","ast-featured-img":"disabled","footer-sml-layout":"","theme-transparent-header-meta":"enabled","adv-header-id-meta":"","stick-header-meta":"","header-above-stick-meta":"","header-main-stick-meta":"","header-below-stick-meta":"","astra-migrate-meta-layouts":"default","ast-page-background-enabled":"default","ast-page-background-meta":{"desktop":{"background-color":"","background-image":"","background-repeat":"repeat","background-position":"center center","background-size":"auto","background-attachment":"scroll","background-type":"","background-media":"","overlay-type":"","overlay-color":"","overlay-opacity":"","overlay-gradient":""},"tablet":{"background-color":"","background-image":"","background-repeat":"repeat","background-position":"center center","background-size":"auto","background-attachment":"scroll","background-type":"","background-media":"","overlay-type":"","overlay-color":"","overlay-opacity":"","overlay-gradient":""},"mobile":{"background-color":"","background-image":"","background-repeat":"repeat","background-position":"center center","background-size":"auto","background-attachment":"scroll","background-type":"","background-media":"","overlay-type":"","overlay-color":"","overlay-opacity":"","overlay-gradient":""}},"ast-content-background-meta":{"desktop":{"background-color":"var(--ast-global-color-5)","background-image":"","background-repeat":"repeat","background-position":"center center","background-size":"auto","background-attachment":"scroll","background-type":"","background-media":"","overlay-type":"","overlay-color":"","overlay-opacity":"","overlay-gradient":""},"tablet":{"background-color":"var(--ast-global-color-5)","background-image":"","background-repeat":"repeat","background-position":"center center","background-size":"auto","background-attachment":"scroll","background-type":"","background-media":"","overlay-type":"","overlay-color":"","overlay-opacity":"","overlay-gradient":""},"mobile":{"background-color":"var(--ast-global-color-5)","background-image":"","background-repeat":"repeat","background-position":"center center","background-size":"auto","background-attachment":"scroll","background-type":"","background-media":"","overlay-type":"","overlay-color":"","overlay-opacity":"","overlay-gradient":""}},"footnotes":""},"class_list":["post-1735","page","type-page","status-publish","hentry"],"_links":{"self":[{"href":"https:\/\/normal.moondesarrollos.com\/normalsuperior\/wp-json\/wp\/v2\/pages\/1735","targetHints":{"allow":["GET"]}}],"collection":[{"href":"https:\/\/normal.moondesarrollos.com\/normalsuperior\/wp-json\/wp\/v2\/pages"}],"about":[{"href":"https:\/\/normal.moondesarrollos.com\/normalsuperior\/wp-json\/wp\/v2\/types\/page"}],"author":[{"embeddable":true,"href":"https:\/\/normal.moondesarrollos.com\/normalsuperior\/wp-json\/wp\/v2\/users\/1"}],"replies":[{"embeddable":true,"href":"https:\/\/normal.moondesarrollos.com\/normalsuperior\/wp-json\/wp\/v2\/comments?post=1735"}],"version-history":[{"count":5,"href":"https:\/\/normal.moondesarrollos.com\/normalsuperior\/wp-json\/wp\/v2\/pages\/1735\/revisions"}],"predecessor-version":[{"id":1789,"href":"https:\/\/normal.moondesarrollos.com\/normalsuperior\/wp-json\/wp\/v2\/pages\/1735\/revisions\/1789"}],"wp:attachment":[{"href":"https:\/\/normal.moondesarrollos.com\/normalsuperior\/wp-json\/wp\/v2\/media?parent=1735"}],"curies":[{"name":"wp","href":"https:\/\/api.w.org\/{rel}","templated":true}]}}